{"id":43,"date":"2018-01-26T11:43:46","date_gmt":"2018-01-26T10:43:46","guid":{"rendered":"http:\/\/maxevent.fr\/?page_id=43"},"modified":"2018-02-12T20:02:14","modified_gmt":"2018-02-12T19:02:14","slug":"accueil","status":"publish","type":"page","link":"https:\/\/maxevent.fr\/","title":{"rendered":""},"content":{"rendered":"<h3 style=\"text-align: center;\">\u00a0 \u00a0 \u00a0 \u00a0 \u00a0 \u00a0 \u00a0 \u00a0 \u00a0 \u00a0 \u00a0 \u00a0 \u00a0 \u00a0 \u00a0 \u00a0 \u00a0 \u00a0 \u00a0 \u00a0 \u00a0 \u00a0 \u00a0 \u00a0 \u00a0 \u00a0 <div id=\"metaslider-id-194\" style=\"max-width: 900px;\" class=\"ml-slider-3-30-1 metaslider metaslider-flex metaslider-194 ml-slider\">\n    <div id=\"metaslider_container_194\">\n        <div id=\"metaslider_194\">\n            <ul aria-live=\"polite\" class=\"slides\">\n                <li style=\"display: block; width: 100%;\" class=\"slide-264 ms-image\"><img src=\"https:\/\/maxevent.fr\/wp-content\/uploads\/2019\/09\/Photo-couverture-1-1-900x600.jpg\" height=\"600\" width=\"900\" alt=\"\" class=\"slider-194 slide-264\" \/><\/li>\n                <li style=\"display: none; width: 100%;\" class=\"slide-195 ms-image\"><img src=\"https:\/\/maxevent.fr\/wp-content\/uploads\/2019\/09\/combo-jungle-medieval-bleu-750x500.png\" height=\"600\" width=\"900\" alt=\"\" class=\"slider-194 slide-195\" \/><\/li>\n                <li style=\"display: none; width: 100%;\" class=\"slide-197 ms-image\"><img src=\"https:\/\/maxevent.fr\/wp-content\/uploads\/2019\/09\/Photo-couv-1-900x600.jpg\" height=\"600\" width=\"900\" alt=\"\" class=\"slider-194 slide-197\" \/><\/li>\n            <\/ul>\n        <\/div>\n        \n    <\/div>\n<\/div><\/h3>\n<h3 style=\"padding-left: 60px;\"><span style=\"color: #000000;\">Max-event vous propose la location d&rsquo;animations originales et ludiques pour tout \u00e2ges et pour tous types d\u2019\u00e9v\u00e9nements qu&rsquo;ils soient professionnels ou priv\u00e9s.<\/span><\/h3>\n<p>&nbsp;<\/p>\n<h6><\/h6>\n","protected":false},"excerpt":{"rendered":"<p>\u00a0 \u00a0 \u00a0 \u00a0 \u00a0 \u00a0 \u00a0 \u00a0 \u00a0 \u00a0 \u00a0 \u00a0 \u00a0 \u00a0 \u00a0 \u00a0 \u00a0 \u00a0 \u00a0 \u00a0 \u00a0 \u00a0 \u00a0 \u00a0 \u00a0 \u00a0 Max-event vous propose la location d&rsquo;animations originales et ludiques pour tout \u00e2ges et pour<\/p>\n","protected":false},"author":1,"featured_media":0,"parent":0,"menu_order":0,"comment_status":"closed","ping_status":"closed","template":"","meta":[],"_links":{"self":[{"href":"https:\/\/maxevent.fr\/index.php?rest_route=\/wp\/v2\/pages\/43"}],"collection":[{"href":"https:\/\/maxevent.fr\/index.php?rest_route=\/wp\/v2\/pages"}],"about":[{"href":"https:\/\/maxevent.fr\/index.php?rest_route=\/wp\/v2\/types\/page"}],"author":[{"embeddable":true,"href":"https:\/\/maxevent.fr\/index.php?rest_route=\/wp\/v2\/users\/1"}],"replies":[{"embeddable":true,"href":"https:\/\/maxevent.fr\/index.php?rest_route=%2Fwp%2Fv2%2Fcomments&post=43"}],"version-history":[{"count":19,"href":"https:\/\/maxevent.fr\/index.php?rest_route=\/wp\/v2\/pages\/43\/revisions"}],"predecessor-version":[{"id":217,"href":"https:\/\/maxevent.fr\/index.php?rest_route=\/wp\/v2\/pages\/43\/revisions\/217"}],"wp:attachment":[{"href":"https:\/\/maxevent.fr\/index.php?rest_route=%2Fwp%2Fv2%2Fmedia&parent=43"}],"curies":[{"name":"wp","href":"https:\/\/api.w.org\/{rel}","templated":true}]}}